{"id":180,"date":"2025-06-15T10:28:30","date_gmt":"2025-06-15T10:28:30","guid":{"rendered":"https:\/\/hblm.es\/home\/"},"modified":"2025-10-23T21:20:14","modified_gmt":"2025-10-23T21:20:14","slug":"home","status":"publish","type":"page","link":"https:\/\/hblm.es\/it\/","title":{"rendered":"Home"},"content":{"rendered":"\n<div class=\"wp-block-group alignfull has-background-background-color has-background has-global-padding is-layout-constrained wp-container-core-group-is-layout-7276a2bb wp-block-group-is-layout-constrained\" id=\"preguntas-frecuentes\" style=\"margin-top:0;margin-bottom:0;padding-top:var(--wp--preset--spacing--60);padding-right:var(--wp--preset--spacing--30);padding-bottom:var(--wp--preset--spacing--60);padding-left:var(--wp--preset--spacing--30)\">\n<div class=\"wp-block-columns alignwide is-layout-flex wp-container-core-columns-is-layout-47c06fe3 wp-block-columns-is-layout-flex\">\n<div class=\"wp-block-column is-vertically-aligned-stretch is-layout-flow wp-container-core-column-is-layout-119bc444 wp-block-column-is-layout-flow\">\n<div class=\"wp-block-group alignwide is-vertical is-layout-flex wp-container-core-group-is-layout-0bc941e6 wp-block-group-is-layout-flex\" style=\"min-height:100%\">\n<div class=\"wp-block-group alignwide has-global-padding is-content-justification-left is-layout-constrained wp-container-core-group-is-layout-27f0ab10 wp-block-group-is-layout-constrained\" style=\"margin-bottom:var(--wp--preset--spacing--30)\">\n<h4 class=\"wp-block-heading\" style=\"font-size:clamp(1.198rem, 1.198rem + ((1vw - 0.2rem) * 1.17), 1.9rem);\">Vivi momenti indimenticabili all&#8217;<strong>Hotel Boutique La Marquesina<\/strong><\/h4>\n<\/div>\n\n\n\n<figure class=\"wp-block-gallery has-nested-images columns-default is-cropped wp-block-gallery-1 is-layout-flex wp-block-gallery-is-layout-flex\">\n<figure class=\"wp-block-image size-large has-custom-border\"><img loading=\"lazy\" decoding=\"async\" width=\"1024\" height=\"683\" data-id=\"18\" src=\"https:\/\/hblm.es\/wp-content\/uploads\/2025\/06\/Premium03-1024x683.jpg\" alt=\"\" class=\"wp-image-18\" style=\"border-radius:1rem;aspect-ratio:16\/9;object-fit:cover\" srcset=\"https:\/\/hblm.es\/wp-content\/uploads\/2025\/06\/Premium03-1024x683.jpg 1024w, https:\/\/hblm.es\/wp-content\/uploads\/2025\/06\/Premium03-300x200.jpg 300w, https:\/\/hblm.es\/wp-content\/uploads\/2025\/06\/Premium03-768x512.jpg 768w, https:\/\/hblm.es\/wp-content\/uploads\/2025\/06\/Premium03-1536x1024.jpg 1536w, https:\/\/hblm.es\/wp-content\/uploads\/2025\/06\/Premium03-2048x1365.jpg 2048w\" sizes=\"auto, (max-width: 1024px) 100vw, 1024px\" \/><\/figure>\n\n\n\n<figure class=\"wp-block-image size-large has-custom-border is-style-rounded\"><img loading=\"lazy\" decoding=\"async\" width=\"1024\" height=\"683\" data-id=\"60\" src=\"https:\/\/hblm.es\/wp-content\/uploads\/2025\/07\/Deluxe31-1024x683.jpg\" alt=\"\" class=\"wp-image-60\" style=\"border-radius:1rem;aspect-ratio:16\/9;object-fit:cover\" srcset=\"https:\/\/hblm.es\/wp-content\/uploads\/2025\/07\/Deluxe31-1024x683.jpg 1024w, https:\/\/hblm.es\/wp-content\/uploads\/2025\/07\/Deluxe31-300x200.jpg 300w, https:\/\/hblm.es\/wp-content\/uploads\/2025\/07\/Deluxe31-768x512.jpg 768w, https:\/\/hblm.es\/wp-content\/uploads\/2025\/07\/Deluxe31-1536x1024.jpg 1536w, https:\/\/hblm.es\/wp-content\/uploads\/2025\/07\/Deluxe31-2048x1365.jpg 2048w\" sizes=\"auto, (max-width: 1024px) 100vw, 1024px\" \/><\/figure>\n<\/figure>\n\n\n\n<figure class=\"wp-block-gallery has-nested-images columns-default is-cropped wp-block-gallery-2 is-layout-flex wp-block-gallery-is-layout-flex\">\n<figure class=\"wp-block-image size-large has-custom-border\"><img loading=\"lazy\" decoding=\"async\" width=\"1024\" height=\"683\" data-id=\"61\" src=\"https:\/\/hblm.es\/wp-content\/uploads\/2025\/07\/Deluxe26-1024x683.jpg\" alt=\"\" class=\"wp-image-61\" style=\"border-radius:1rem;aspect-ratio:16\/9;object-fit:cover\" srcset=\"https:\/\/hblm.es\/wp-content\/uploads\/2025\/07\/Deluxe26-1024x683.jpg 1024w, https:\/\/hblm.es\/wp-content\/uploads\/2025\/07\/Deluxe26-300x200.jpg 300w, https:\/\/hblm.es\/wp-content\/uploads\/2025\/07\/Deluxe26-768x512.jpg 768w, https:\/\/hblm.es\/wp-content\/uploads\/2025\/07\/Deluxe26-1536x1024.jpg 1536w, https:\/\/hblm.es\/wp-content\/uploads\/2025\/07\/Deluxe26-2048x1366.jpg 2048w\" sizes=\"auto, (max-width: 1024px) 100vw, 1024px\" \/><\/figure>\n\n\n\n<figure class=\"wp-block-image size-large has-custom-border is-style-rounded\"><img loading=\"lazy\" decoding=\"async\" width=\"1024\" height=\"683\" data-id=\"62\" src=\"https:\/\/hblm.es\/wp-content\/uploads\/2025\/07\/Deluxe18-1024x683.jpg\" alt=\"\" class=\"wp-image-62\" style=\"border-radius:1rem;aspect-ratio:16\/9;object-fit:cover\" srcset=\"https:\/\/hblm.es\/wp-content\/uploads\/2025\/07\/Deluxe18-1024x683.jpg 1024w, https:\/\/hblm.es\/wp-content\/uploads\/2025\/07\/Deluxe18-300x200.jpg 300w, https:\/\/hblm.es\/wp-content\/uploads\/2025\/07\/Deluxe18-768x512.jpg 768w, https:\/\/hblm.es\/wp-content\/uploads\/2025\/07\/Deluxe18-1536x1024.jpg 1536w, https:\/\/hblm.es\/wp-content\/uploads\/2025\/07\/Deluxe18-2048x1365.jpg 2048w\" sizes=\"auto, (max-width: 1024px) 100vw, 1024px\" \/><\/figure>\n<\/figure>\n<\/div>\n<\/div>\n\n\n\n<div class=\"wp-block-column is-layout-flow wp-container-core-column-is-layout-119bc444 wp-block-column-is-layout-flow\">\n<div class=\"wp-block-group is-nowrap is-layout-flex wp-container-core-group-is-layout-6a90dc5c wp-block-group-is-layout-flex\">\n<figure class=\"wp-block-image size-large wp-duotone-primary-foreground\"><img decoding=\"async\" src=\"data:image\/svg+xml;base64,PHN2ZyB4bWxucz0iaHR0cDovL3d3dy53My5vcmcvMjAwMC9zdmciIHdpZHRoPSI0OCIgaGVpZ2h0PSI0OCIgZmlsbD0ibm9uZSIgdmlld0JveD0iMCAwIDQ4IDQ4Ij48bWFzayBpZD0iYSIgd2lkdGg9IjQ4IiBoZWlnaHQ9IjQ4IiB4PSIwIiB5PSIwIiBtYXNrVW5pdHM9InVzZXJTcGFjZU9uVXNlIiBzdHlsZT0ibWFzay10eXBlOmFscGhhIj48cGF0aCBmaWxsPSIjRDlEOUQ5IiBkPSJNMCAwaDQ4djQ4SDB6Ii8+PC9tYXNrPjxnIG1hc2s9InVybCgjYSkiPjxwYXRoIGZpbGw9IiM1RjYzNjgiIGQ9Ik0yNC4yIDM1LjY1Yy41MzMgMCAuOTgzLS4xODMgMS4zNS0uNTUuMzY3LS4zNjcuNTUtLjgxNy41NS0xLjM1IDAtLjUzMy0uMTgzLS45ODMtLjU1LTEuMzVhMS44MzUgMS44MzUgMCAwIDAtMS4zNS0uNTVjLS41MzMgMC0uOTgzLjE4My0xLjM1LjU1LS4zNjcuMzY3LS41NS44MTctLjU1IDEuMzUgMCAuNTMzLjE4My45ODMuNTUgMS4zNS4zNjcuMzY3LjgxNy41NSAxLjM1LjU1Wm0tMS43NS03LjNoMi45NWMwLS44NjcuMTA4LTEuNjU4LjMyNS0yLjM3NS4yMTctLjcxNy44OTItMS41NDIgMi4wMjUtMi40NzUgMS4wMzMtLjg2NyAxLjc2Ny0xLjcxNyAyLjItMi41NS40MzMtLjgzMy42NS0xLjc1LjY1LTIuNzUgMC0xLjc2Ny0uNTc1LTMuMTgzLTEuNzI1LTQuMjUtMS4xNS0xLjA2Ny0yLjY3NS0xLjYtNC41NzUtMS42LTEuNjMzIDAtMy4wNzUuNDA4LTQuMzI1IDEuMjI1LTEuMjUuODE3LTIuMTU4IDEuOTQyLTIuNzI1IDMuMzc1bDIuNjUgMWMuMzY3LS45MzMuOTE3LTEuNjU4IDEuNjUtMi4xNzUuNzMzLS41MTcgMS42LS43NzUgMi42LS43NzUgMS4xMzMgMCAyLjA1LjMwOCAyLjc1LjkyNS43LjYxNyAxLjA1IDEuNDA4IDEuMDUgMi4zNzUgMCAuNzMzLS4yMTcgMS40MjUtLjY1IDIuMDc1LS40MzMuNjUtMS4wNjcgMS4zMjUtMS45IDIuMDI1LTEgLjg2Ny0xLjc0MiAxLjcyNS0yLjIyNSAyLjU3NS0uNDgzLjg1LS43MjUgMS45NzUtLjcyNSAzLjM3NVpNMjQgNDRjLTIuNzMzIDAtNS4zMTctLjUyNS03Ljc1LTEuNTc1LTIuNDMzLTEuMDUtNC41NTgtMi40ODMtNi4zNzUtNC4zLTEuODE3LTEuODE3LTMuMjUtMy45NDItNC4zLTYuMzc1QzQuNTI1IDI5LjMxNyA0IDI2LjczMyA0IDI0YzAtMi43NjcuNTI1LTUuMzY3IDEuNTc1LTcuOCAxLjA1LTIuNDMzIDIuNDgzLTQuNTUgNC4zLTYuMzUgMS44MTctMS44IDMuOTQyLTMuMjI1IDYuMzc1LTQuMjc1QzE4LjY4MyA0LjUyNSAyMS4yNjcgNCAyNCA0YzIuNzY3IDAgNS4zNjcuNTI1IDcuOCAxLjU3NSAyLjQzMyAxLjA1IDQuNTUgMi40NzUgNi4zNSA0LjI3NSAxLjggMS44IDMuMjI1IDMuOTE3IDQuMjc1IDYuMzVDNDMuNDc1IDE4LjYzMyA0NCAyMS4yMzMgNDQgMjRjMCAyLjczMy0uNTI1IDUuMzE3LTEuNTc1IDcuNzUtMS4wNSAyLjQzMy0yLjQ3NSA0LjU1OC00LjI3NSA2LjM3NS0xLjggMS44MTctMy45MTcgMy4yNS02LjM1IDQuM0MyOS4zNjcgNDMuNDc1IDI2Ljc2NyA0NCAyNCA0NFptMC0zYzQuNzMzIDAgOC43NS0xLjY1OCAxMi4wNS00Ljk3NUMzOS4zNSAzMi43MDggNDEgMjguNyA0MSAyNGMwLTQuNzMzLTEuNjUtOC43NS00Ljk1LTEyLjA1QzMyLjc1IDguNjUgMjguNzMzIDcgMjQgN2MtNC43IDAtOC43MDggMS42NS0xMi4wMjUgNC45NUM4LjY1OCAxNS4yNSA3IDE5LjI2NyA3IDI0YzAgNC43IDEuNjU4IDguNzA4IDQuOTc1IDEyLjAyNUMxNS4yOTIgMzkuMzQyIDE5LjMgNDEgMjQgNDFaIi8+PC9nPjwvc3ZnPg==\" alt=\"\" style=\"object-fit:cover\"\/><\/figure>\n\n\n\n<div class=\"wp-block-group wp-container-content-958eb9dc has-global-padding is-layout-constrained wp-block-group-is-layout-constrained\">\n<h5 class=\"wp-block-heading\" style=\"border-style:none;border-width:0px;font-size:clamp(14px, 0.875rem + ((1vw - 3.2px) * 0.625), 20px);line-height:1.2\">Posizione<\/h5>\n\n\n\n<p class=\"has-small-font-size\">Il nostro piccolo hotel si trova nel cuore di <strong>Corralejo<\/strong>, Fuerteventura, di fronte alla spiaggia pi\u00f9 iconica della citt\u00e0 e molto vicino a tutte le attivit\u00e0 ricreative e di ristorazione della zona. <a href=\"http:\/\/www.hblm.es\/parking\" title=\"\">Cliccando qui<\/a> potrai vedere dove siamo situati e la zona di parcheggio consigliata.<\/p>\n<\/div>\n<\/div>\n\n\n\n<div class=\"wp-block-group is-nowrap is-layout-flex wp-container-core-group-is-layout-6a90dc5c wp-block-group-is-layout-flex\">\n<figure class=\"wp-block-image size-large wp-duotone-primary-foreground\"><img decoding=\"async\" src=\"data:image\/svg+xml;base64,PHN2ZyB4bWxucz0iaHR0cDovL3d3dy53My5vcmcvMjAwMC9zdmciIHdpZHRoPSI0OCIgaGVpZ2h0PSI0OCIgZmlsbD0ibm9uZSIgdmlld0JveD0iMCAwIDQ4IDQ4Ij48bWFzayBpZD0iYSIgd2lkdGg9IjQ4IiBoZWlnaHQ9IjQ4IiB4PSIwIiB5PSIwIiBtYXNrVW5pdHM9InVzZXJTcGFjZU9uVXNlIiBzdHlsZT0ibWFzay10eXBlOmFscGhhIj48cGF0aCBmaWxsPSIjRDlEOUQ5IiBkPSJNMCAwaDQ4djQ4SDB6Ii8+PC9tYXNrPjxnIG1hc2s9InVybCgjYSkiPjxwYXRoIGZpbGw9IiM1RjYzNjgiIGQ9Ik0yNC4yIDM1LjY1Yy41MzMgMCAuOTgzLS4xODMgMS4zNS0uNTUuMzY3LS4zNjcuNTUtLjgxNy41NS0xLjM1IDAtLjUzMy0uMTgzLS45ODMtLjU1LTEuMzVhMS44MzUgMS44MzUgMCAwIDAtMS4zNS0uNTVjLS41MzMgMC0uOTgzLjE4My0xLjM1LjU1LS4zNjcuMzY3LS41NS44MTctLjU1IDEuMzUgMCAuNTMzLjE4My45ODMuNTUgMS4zNS4zNjcuMzY3LjgxNy41NSAxLjM1LjU1Wm0tMS43NS03LjNoMi45NWMwLS44NjcuMTA4LTEuNjU4LjMyNS0yLjM3NS4yMTctLjcxNy44OTItMS41NDIgMi4wMjUtMi40NzUgMS4wMzMtLjg2NyAxLjc2Ny0xLjcxNyAyLjItMi41NS40MzMtLjgzMy42NS0xLjc1LjY1LTIuNzUgMC0xLjc2Ny0uNTc1LTMuMTgzLTEuNzI1LTQuMjUtMS4xNS0xLjA2Ny0yLjY3NS0xLjYtNC41NzUtMS42LTEuNjMzIDAtMy4wNzUuNDA4LTQuMzI1IDEuMjI1LTEuMjUuODE3LTIuMTU4IDEuOTQyLTIuNzI1IDMuMzc1bDIuNjUgMWMuMzY3LS45MzMuOTE3LTEuNjU4IDEuNjUtMi4xNzUuNzMzLS41MTcgMS42LS43NzUgMi42LS43NzUgMS4xMzMgMCAyLjA1LjMwOCAyLjc1LjkyNS43LjYxNyAxLjA1IDEuNDA4IDEuMDUgMi4zNzUgMCAuNzMzLS4yMTcgMS40MjUtLjY1IDIuMDc1LS40MzMuNjUtMS4wNjcgMS4zMjUtMS45IDIuMDI1LTEgLjg2Ny0xLjc0MiAxLjcyNS0yLjIyNSAyLjU3NS0uNDgzLjg1LS43MjUgMS45NzUtLjcyNSAzLjM3NVpNMjQgNDRjLTIuNzMzIDAtNS4zMTctLjUyNS03Ljc1LTEuNTc1LTIuNDMzLTEuMDUtNC41NTgtMi40ODMtNi4zNzUtNC4zLTEuODE3LTEuODE3LTMuMjUtMy45NDItNC4zLTYuMzc1QzQuNTI1IDI5LjMxNyA0IDI2LjczMyA0IDI0YzAtMi43NjcuNTI1LTUuMzY3IDEuNTc1LTcuOCAxLjA1LTIuNDMzIDIuNDgzLTQuNTUgNC4zLTYuMzUgMS44MTctMS44IDMuOTQyLTMuMjI1IDYuMzc1LTQuMjc1QzE4LjY4MyA0LjUyNSAyMS4yNjcgNCAyNCA0YzIuNzY3IDAgNS4zNjcuNTI1IDcuOCAxLjU3NSAyLjQzMyAxLjA1IDQuNTUgMi40NzUgNi4zNSA0LjI3NSAxLjggMS44IDMuMjI1IDMuOTE3IDQuMjc1IDYuMzVDNDMuNDc1IDE4LjYzMyA0NCAyMS4yMzMgNDQgMjRjMCAyLjczMy0uNTI1IDUuMzE3LTEuNTc1IDcuNzUtMS4wNSAyLjQzMy0yLjQ3NSA0LjU1OC00LjI3NSA2LjM3NS0xLjggMS44MTctMy45MTcgMy4yNS02LjM1IDQuM0MyOS4zNjcgNDMuNDc1IDI2Ljc2NyA0NCAyNCA0NFptMC0zYzQuNzMzIDAgOC43NS0xLjY1OCAxMi4wNS00Ljk3NUMzOS4zNSAzMi43MDggNDEgMjguNyA0MSAyNGMwLTQuNzMzLTEuNjUtOC43NS00Ljk1LTEyLjA1QzMyLjc1IDguNjUgMjguNzMzIDcgMjQgN2MtNC43IDAtOC43MDggMS42NS0xMi4wMjUgNC45NUM4LjY1OCAxNS4yNSA3IDE5LjI2NyA3IDI0YzAgNC43IDEuNjU4IDguNzA4IDQuOTc1IDEyLjAyNUMxNS4yOTIgMzkuMzQyIDE5LjMgNDEgMjQgNDFaIi8+PC9nPjwvc3ZnPg==\" alt=\"\" style=\"object-fit:cover\"\/><\/figure>\n\n\n\n<div class=\"wp-block-group wp-container-content-958eb9dc has-global-padding is-layout-constrained wp-block-group-is-layout-constrained\">\n<h5 class=\"wp-block-heading\" style=\"font-size:clamp(14px, 0.875rem + ((1vw - 3.2px) * 0.625), 20px);line-height:1.2\">Prenotazioni<\/h5>\n\n\n\n<p class=\"has-small-font-size\">Puoi prenotare direttamente tramite il nostro sito web, dove troverai i migliori prezzi di tutto internet, <a href=\"https:\/\/www.hotelboutiquelamarquesina.com\/bookingstep1\/\" target=\"_blank\" rel=\"noopener\" title=\"\">cliccando qui<\/a>. Puoi anche farlo contattando la reception, <a href=\"http:\/\/www.hblm.es\/contact\" title=\"\">tramite questo link<\/a>. <\/p>\n<\/div>\n<\/div>\n\n\n\n<div class=\"wp-block-group is-nowrap is-layout-flex wp-container-core-group-is-layout-6a90dc5c wp-block-group-is-layout-flex\">\n<figure class=\"wp-block-image size-large wp-duotone-primary-foreground\"><img decoding=\"async\" src=\"data:image\/svg+xml;base64,PHN2ZyB4bWxucz0iaHR0cDovL3d3dy53My5vcmcvMjAwMC9zdmciIHdpZHRoPSI0OCIgaGVpZ2h0PSI0OCIgZmlsbD0ibm9uZSIgdmlld0JveD0iMCAwIDQ4IDQ4Ij48bWFzayBpZD0iYSIgd2lkdGg9IjQ4IiBoZWlnaHQ9IjQ4IiB4PSIwIiB5PSIwIiBtYXNrVW5pdHM9InVzZXJTcGFjZU9uVXNlIiBzdHlsZT0ibWFzay10eXBlOmFscGhhIj48cGF0aCBmaWxsPSIjRDlEOUQ5IiBkPSJNMCAwaDQ4djQ4SDB6Ii8+PC9tYXNrPjxnIG1hc2s9InVybCgjYSkiPjxwYXRoIGZpbGw9IiM1RjYzNjgiIGQ9Ik0yNC4yIDM1LjY1Yy41MzMgMCAuOTgzLS4xODMgMS4zNS0uNTUuMzY3LS4zNjcuNTUtLjgxNy41NS0xLjM1IDAtLjUzMy0uMTgzLS45ODMtLjU1LTEuMzVhMS44MzUgMS44MzUgMCAwIDAtMS4zNS0uNTVjLS41MzMgMC0uOTgzLjE4My0xLjM1LjU1LS4zNjcuMzY3LS41NS44MTctLjU1IDEuMzUgMCAuNTMzLjE4My45ODMuNTUgMS4zNS4zNjcuMzY3LjgxNy41NSAxLjM1LjU1Wm0tMS43NS03LjNoMi45NWMwLS44NjcuMTA4LTEuNjU4LjMyNS0yLjM3NS4yMTctLjcxNy44OTItMS41NDIgMi4wMjUtMi40NzUgMS4wMzMtLjg2NyAxLjc2Ny0xLjcxNyAyLjItMi41NS40MzMtLjgzMy42NS0xLjc1LjY1LTIuNzUgMC0xLjc2Ny0uNTc1LTMuMTgzLTEuNzI1LTQuMjUtMS4xNS0xLjA2Ny0yLjY3NS0xLjYtNC41NzUtMS42LTEuNjMzIDAtMy4wNzUuNDA4LTQuMzI1IDEuMjI1LTEuMjUuODE3LTIuMTU4IDEuOTQyLTIuNzI1IDMuMzc1bDIuNjUgMWMuMzY3LS45MzMuOTE3LTEuNjU4IDEuNjUtMi4xNzUuNzMzLS41MTcgMS42LS43NzUgMi42LS43NzUgMS4xMzMgMCAyLjA1LjMwOCAyLjc1LjkyNS43LjYxNyAxLjA1IDEuNDA4IDEuMDUgMi4zNzUgMCAuNzMzLS4yMTcgMS40MjUtLjY1IDIuMDc1LS40MzMuNjUtMS4wNjcgMS4zMjUtMS45IDIuMDI1LTEgLjg2Ny0xLjc0MiAxLjcyNS0yLjIyNSAyLjU3NS0uNDgzLjg1LS43MjUgMS45NzUtLjcyNSAzLjM3NVpNMjQgNDRjLTIuNzMzIDAtNS4zMTctLjUyNS03Ljc1LTEuNTc1LTIuNDMzLTEuMDUtNC41NTgtMi40ODMtNi4zNzUtNC4zLTEuODE3LTEuODE3LTMuMjUtMy45NDItNC4zLTYuMzc1QzQuNTI1IDI5LjMxNyA0IDI2LjczMyA0IDI0YzAtMi43NjcuNTI1LTUuMzY3IDEuNTc1LTcuOCAxLjA1LTIuNDMzIDIuNDgzLTQuNTUgNC4zLTYuMzUgMS44MTctMS44IDMuOTQyLTMuMjI1IDYuMzc1LTQuMjc1QzE4LjY4MyA0LjUyNSAyMS4yNjcgNCAyNCA0YzIuNzY3IDAgNS4zNjcuNTI1IDcuOCAxLjU3NSAyLjQzMyAxLjA1IDQuNTUgMi40NzUgNi4zNSA0LjI3NSAxLjggMS44IDMuMjI1IDMuOTE3IDQuMjc1IDYuMzVDNDMuNDc1IDE4LjYzMyA0NCAyMS4yMzMgNDQgMjRjMCAyLjczMy0uNTI1IDUuMzE3LTEuNTc1IDcuNzUtMS4wNSAyLjQzMy0yLjQ3NSA0LjU1OC00LjI3NSA2LjM3NS0xLjggMS44MTctMy45MTcgMy4yNS02LjM1IDQuM0MyOS4zNjcgNDMuNDc1IDI2Ljc2NyA0NCAyNCA0NFptMC0zYzQuNzMzIDAgOC43NS0xLjY1OCAxMi4wNS00Ljk3NUMzOS4zNSAzMi43MDggNDEgMjguNyA0MSAyNGMwLTQuNzMzLTEuNjUtOC43NS00Ljk1LTEyLjA1QzMyLjc1IDguNjUgMjguNzMzIDcgMjQgN2MtNC43IDAtOC43MDggMS42NS0xMi4wMjUgNC45NUM4LjY1OCAxNS4yNSA3IDE5LjI2NyA3IDI0YzAgNC43IDEuNjU4IDguNzA4IDQuOTc1IDEyLjAyNUMxNS4yOTIgMzkuMzQyIDE5LjMgNDEgMjQgNDFaIi8+PC9nPjwvc3ZnPg==\" alt=\"\" style=\"object-fit:cover\"\/><\/figure>\n\n\n\n<div class=\"wp-block-group wp-container-content-958eb9dc has-global-padding is-layout-constrained wp-block-group-is-layout-constrained\">\n<h5 class=\"wp-block-heading\" style=\"font-size:clamp(14px, 0.875rem + ((1vw - 3.2px) * 0.625), 20px);line-height:1.2\">Informazioni per gli ospiti<\/h5>\n\n\n\n<p class=\"has-small-font-size\">Cliccando su questo link potrai visualizzare tutte le informazioni che, come ospite dell&#8217;hotel, potrebbero interessarti, come orari, lista del minibar, lista dei vini delle Canarie, ecc.<\/p>\n<\/div>\n<\/div>\n<\/div>\n<\/div>\n<\/div>\n\n<p><a href=\"http:\/\/www.hblm.es\/contact\" title=\"\">Contatto \/ Contact<\/a><\/p>\n\n<p><\/p>\n","protected":false},"excerpt":{"rendered":"<p>Vivi momenti indimenticabili all&#8217;Hotel Boutique La Marquesina Posizione Il nostro piccolo hotel si trova nel cuore di Corralejo, Fuerteventura, di fronte alla spiaggia pi\u00f9 iconica della citt\u00e0 e molto vicino a tutte le attivit\u00e0 ricreative e di ristorazione della zona. Cliccando qui potrai vedere dove siamo situati e la zona di parcheggio consigliata. Prenotazioni Puoi [&hellip;]<\/p>\n","protected":false},"author":1,"featured_media":0,"parent":0,"menu_order":0,"comment_status":"closed","ping_status":"closed","template":"no-title","meta":{"footnotes":""},"class_list":["post-180","page","type-page","status-publish","hentry"],"aioseo_notices":[],"_links":{"self":[{"href":"https:\/\/hblm.es\/it\/wp-json\/wp\/v2\/pages\/180","targetHints":{"allow":["GET"]}}],"collection":[{"href":"https:\/\/hblm.es\/it\/wp-json\/wp\/v2\/pages"}],"about":[{"href":"https:\/\/hblm.es\/it\/wp-json\/wp\/v2\/types\/page"}],"author":[{"embeddable":true,"href":"https:\/\/hblm.es\/it\/wp-json\/wp\/v2\/users\/1"}],"replies":[{"embeddable":true,"href":"https:\/\/hblm.es\/it\/wp-json\/wp\/v2\/comments?post=180"}],"version-history":[{"count":2,"href":"https:\/\/hblm.es\/it\/wp-json\/wp\/v2\/pages\/180\/revisions"}],"predecessor-version":[{"id":214,"href":"https:\/\/hblm.es\/it\/wp-json\/wp\/v2\/pages\/180\/revisions\/214"}],"wp:attachment":[{"href":"https:\/\/hblm.es\/it\/wp-json\/wp\/v2\/media?parent=180"}],"curies":[{"name":"wp","href":"https:\/\/api.w.org\/{rel}","templated":true}]}}